{"id":3,"date":"2025-05-18T21:20:02","date_gmt":"2025-05-18T21:20:02","guid":{"rendered":"https:\/\/nriaquarela.com.br\/escola\/?page_id=3"},"modified":"2025-05-20T19:28:57","modified_gmt":"2025-05-20T19:28:57","slug":"politica-de-privacidade","status":"publish","type":"page","link":"https:\/\/nriaquarela.com.br\/escola\/index.php\/politica-de-privacidade\/","title":{"rendered":"Politica de privacidade"},"content":{"rendered":"\t\t<div data-elementor-type=\"wp-page\" data-elementor-id=\"3\" class=\"elementor elementor-3\">\n\t\t\t\t<div class=\"elementor-element elementor-element-7d4f0265 e-flex e-con-boxed e-con e-parent\" data-id=\"7d4f0265\" data-element_type=\"container\">\n\t\t\t\t\t<div class=\"e-con-inner\">\n\t\t\t\t<div class=\"elementor-element elementor-element-69bdcf60 elementor-widget elementor-widget-text-editor\" data-id=\"69bdcf60\" data-element_type=\"widget\" data-widget_type=\"text-editor.default\">\n\t\t\t\t<div class=\"elementor-widget-container\">\n\t\t\t\t\t\t\t\t\t\n<h2 class=\"wp-block-heading\" style=\"text-align: justify;\" data-start=\"285\" data-end=\"329\">Pol\u00edtica de Privacidade \u2013 Escola Aquarela<\/h2>\n<h3 data-start=\"331\" data-end=\"371\">\u00a0<\/h3>\n<h3 data-start=\"331\" data-end=\"371\">\u00a0<\/h3>\n<h3 class=\"\" style=\"text-align: justify;\" data-start=\"331\" data-end=\"371\">1. Compromisso com a sua privacidade<\/h3>\n<p class=\"\" style=\"text-align: justify;\" data-start=\"373\" data-end=\"682\">A Escola Aquarela tem o compromisso com a prote\u00e7\u00e3o e a privacidade dos dados pessoais de alunos, respons\u00e1veis, visitantes e demais usu\u00e1rios do site <a class=\"\" href=\"http:\/\/www.nriaquarela.com.br\" target=\"_new\" rel=\"noopener\" data-start=\"521\" data-end=\"543\">www.nriaquarela.com.br<\/a>. Esta Pol\u00edtica de Privacidade tem como objetivo esclarecer quais informa\u00e7\u00f5es s\u00e3o coletadas, como s\u00e3o utilizadas, armazenadas e protegidas.<\/p>\n<h3 data-start=\"684\" data-end=\"712\">\u00a0<\/h3>\n<h3 class=\"\" style=\"text-align: justify;\" data-start=\"684\" data-end=\"712\">2. Coleta de informa\u00e7\u00f5es<\/h3>\n<p class=\"\" style=\"text-align: justify;\" data-start=\"714\" data-end=\"784\">Coletamos informa\u00e7\u00f5es pessoais fornecidas voluntariamente por meio de:<\/p>\n<ul style=\"text-align: justify;\" data-start=\"785\" data-end=\"879\">\n<li class=\"\" data-start=\"785\" data-end=\"809\">\n<p class=\"\" data-start=\"787\" data-end=\"809\">Formul\u00e1rios de contato<\/p>\n<\/li>\n<li class=\"\" data-start=\"810\" data-end=\"835\">\n<p class=\"\" data-start=\"812\" data-end=\"835\">Inscri\u00e7\u00f5es e matr\u00edculas<\/p>\n<\/li>\n<li class=\"\" data-start=\"836\" data-end=\"879\">\n<p class=\"\" data-start=\"838\" data-end=\"879\">Cadastramento para eventos ou newsletters<\/p>\n<\/li>\n<\/ul>\n<p class=\"\" style=\"text-align: justify;\" data-start=\"881\" data-end=\"1059\">As informa\u00e7\u00f5es podem incluir: nome completo, e-mail, telefone, nome da crian\u00e7a, idade, endere\u00e7o e outras informa\u00e7\u00f5es relevantes para a presta\u00e7\u00e3o dos nossos servi\u00e7os educacionais.<\/p>\n<p class=\"\" style=\"text-align: justify;\" data-start=\"1061\" data-end=\"1121\">Al\u00e9m disso, o site pode coletar dados automaticamente, como:<\/p>\n<ul style=\"text-align: justify;\" data-start=\"1122\" data-end=\"1213\">\n<li class=\"\" data-start=\"1122\" data-end=\"1135\">\n<p class=\"\" data-start=\"1124\" data-end=\"1135\">Endere\u00e7o IP<\/p>\n<\/li>\n<li class=\"\" data-start=\"1136\" data-end=\"1155\">\n<p class=\"\" data-start=\"1138\" data-end=\"1155\">Tipo de navegador<\/p>\n<\/li>\n<li class=\"\" data-start=\"1156\" data-end=\"1175\">\n<p class=\"\" data-start=\"1158\" data-end=\"1175\">P\u00e1ginas acessadas<\/p>\n<\/li>\n<li class=\"\" data-start=\"1176\" data-end=\"1213\">\n<p class=\"\" data-start=\"1178\" data-end=\"1213\">Cookies (conforme detalhado abaixo)<\/p>\n<\/li>\n<\/ul>\n<h3 data-start=\"1215\" data-end=\"1241\">\u00a0<\/h3>\n<h3 class=\"\" style=\"text-align: justify;\" data-start=\"1215\" data-end=\"1241\">3. Uso das informa\u00e7\u00f5es<\/h3>\n<p class=\"\" style=\"text-align: justify;\" data-start=\"1243\" data-end=\"1288\">As informa\u00e7\u00f5es coletadas s\u00e3o utilizadas para:<\/p>\n<ul style=\"text-align: justify;\" data-start=\"1289\" data-end=\"1516\">\n<li class=\"\" data-start=\"1289\" data-end=\"1347\">\n<p class=\"\" data-start=\"1291\" data-end=\"1347\">Responder d\u00favidas e solicita\u00e7\u00f5es enviadas via formul\u00e1rio<\/p>\n<\/li>\n<li class=\"\" data-start=\"1348\" data-end=\"1411\">\n<p class=\"\" data-start=\"1350\" data-end=\"1411\">Realizar processos de matr\u00edcula e contato com os respons\u00e1veis<\/p>\n<\/li>\n<li class=\"\" data-start=\"1412\" data-end=\"1472\">\n<p class=\"\" data-start=\"1414\" data-end=\"1472\">Informar sobre eventos, atividades e comunicados da escola<\/p>\n<\/li>\n<li class=\"\" data-start=\"1473\" data-end=\"1516\">\n<p class=\"\" data-start=\"1475\" data-end=\"1516\">Melhorar a experi\u00eancia do usu\u00e1rio no site<\/p>\n<\/li>\n<\/ul>\n<p class=\"\" style=\"text-align: justify;\" data-start=\"1518\" data-end=\"1637\"><strong><em>N\u00e3o vendemos, alugamos ou compartilhamos seus dados com terceiros sem seu consentimento, exceto quando exigido por lei.<\/em><\/strong><\/p>\n<h3 data-start=\"1639\" data-end=\"1653\">\u00a0<\/h3>\n<h3 class=\"\" style=\"text-align: justify;\" data-start=\"1639\" data-end=\"1653\">4. Cookies<\/h3>\n<p class=\"\" style=\"text-align: justify;\" data-start=\"1655\" data-end=\"1889\">Utilizamos cookies para melhorar a navega\u00e7\u00e3o no site, lembrar prefer\u00eancias e coletar dados estat\u00edsticos de acesso. O usu\u00e1rio pode, a qualquer momento, desativar os cookies nas configura\u00e7\u00f5es do seu navegador, sem preju\u00edzo da navega\u00e7\u00e3o.<\/p>\n<h3 data-start=\"1891\" data-end=\"1923\">\u00a0<\/h3>\n<h3 class=\"\" style=\"text-align: justify;\" data-start=\"1891\" data-end=\"1923\">5. Armazenamento e seguran\u00e7a<\/h3>\n<p class=\"\" style=\"text-align: justify;\" data-start=\"1925\" data-end=\"2153\">Os dados s\u00e3o armazenados de forma segura, em ambiente controlado e com acesso restrito. Utilizamos medidas t\u00e9cnicas e organizacionais para proteger os dados contra acessos n\u00e3o autorizados, altera\u00e7\u00f5es, divulga\u00e7\u00f5es ou destrui\u00e7\u00f5es.<\/p>\n<h3 data-start=\"2155\" data-end=\"2192\">\u00a0<\/h3>\n<h3 class=\"\" style=\"text-align: justify;\" data-start=\"2155\" data-end=\"2192\">6. Compartilhamento com terceiros<\/h3>\n<p class=\"\" style=\"text-align: justify;\" data-start=\"2194\" data-end=\"2411\">Podemos compartilhar seus dados com prestadores de servi\u00e7o que atuam em nosso nome (ex: hospedagem de site, servi\u00e7os de e-mail), sempre com o compromisso de confidencialidade e uso restrito \u00e0s finalidades contratadas.<\/p>\n<h3 data-start=\"2731\" data-end=\"2763\">\u00a0<\/h3>\n<h3 class=\"\" style=\"text-align: justify;\" data-start=\"2731\" data-end=\"2763\">7. Altera\u00e7\u00f5es nesta pol\u00edtica<\/h3>\n<p class=\"\" style=\"text-align: justify;\" data-start=\"2765\" data-end=\"2946\">Esta pol\u00edtica pode ser atualizada a qualquer momento para refletir mudan\u00e7as legais ou operacionais. A vers\u00e3o mais recente estar\u00e1 sempre dispon\u00edvel no site com a data de atualiza\u00e7\u00e3o.<\/p>\n<p data-start=\"2765\" data-end=\"2946\">\u00a0<\/p>\n<p class=\"\" style=\"text-align: justify;\" data-start=\"2948\" data-end=\"2990\"><strong data-start=\"2948\" data-end=\"2990\">\u00daltima atualiza\u00e7\u00e3o: 20 de maio de 2025<\/strong><\/p>\t\t\t\t\t\t\t\t<\/div>\n\t\t\t\t<\/div>\n\t\t\t\t\t<\/div>\n\t\t\t\t<\/div>\n\t\t\t\t<\/div>\n\t\t","protected":false},"excerpt":{"rendered":"<p>Pol\u00edtica de Privacidade \u2013 Escola Aquarela \u00a0 \u00a0 1. Compromisso com a sua privacidade A Escola Aquarela tem o compromisso com a prote\u00e7\u00e3o e a privacidade dos dados pessoais de alunos, respons\u00e1veis, visitantes e demais usu\u00e1rios do site www.nriaquarela.com.br. Esta Pol\u00edtica de Privacidade tem como objetivo esclarecer quais informa\u00e7\u00f5es s\u00e3o coletadas, como s\u00e3o utilizadas, armazenadas<\/p>\n","protected":false},"author":1,"featured_media":0,"parent":0,"menu_order":0,"comment_status":"closed","ping_status":"open","template":"elementor_header_footer","meta":{"inline_featured_image":false,"_monsterinsights_skip_tracking":false,"_monsterinsights_sitenote_active":false,"_monsterinsights_sitenote_note":"","_monsterinsights_sitenote_category":0,"_joinchat":[],"footnotes":""},"class_list":["post-3","page","type-page","status-publish","hentry"],"aioseo_notices":[],"_links":{"self":[{"href":"https:\/\/nriaquarela.com.br\/escola\/index.php\/wp-json\/wp\/v2\/pages\/3","targetHints":{"allow":["GET"]}}],"collection":[{"href":"https:\/\/nriaquarela.com.br\/escola\/index.php\/wp-json\/wp\/v2\/pages"}],"about":[{"href":"https:\/\/nriaquarela.com.br\/escola\/index.php\/wp-json\/wp\/v2\/types\/page"}],"author":[{"embeddable":true,"href":"https:\/\/nriaquarela.com.br\/escola\/index.php\/wp-json\/wp\/v2\/users\/1"}],"replies":[{"embeddable":true,"href":"https:\/\/nriaquarela.com.br\/escola\/index.php\/wp-json\/wp\/v2\/comments?post=3"}],"version-history":[{"count":4,"href":"https:\/\/nriaquarela.com.br\/escola\/index.php\/wp-json\/wp\/v2\/pages\/3\/revisions"}],"predecessor-version":[{"id":2931,"href":"https:\/\/nriaquarela.com.br\/escola\/index.php\/wp-json\/wp\/v2\/pages\/3\/revisions\/2931"}],"wp:attachment":[{"href":"https:\/\/nriaquarela.com.br\/escola\/index.php\/wp-json\/wp\/v2\/media?parent=3"}],"curies":[{"name":"wp","href":"https:\/\/api.w.org\/{rel}","templated":true}]}}