{"id":2900,"date":"2025-05-20T13:14:44","date_gmt":"2025-05-20T13:14:44","guid":{"rendered":"https:\/\/nriaquarela.com.br\/escola\/?page_id=2900"},"modified":"2026-04-01T13:24:37","modified_gmt":"2026-04-01T13:24:37","slug":"cardapio","status":"publish","type":"page","link":"https:\/\/nriaquarela.com.br\/escola\/index.php\/cardapio\/","title":{"rendered":"Card\u00e1pio"},"content":{"rendered":"\t\t<div data-elementor-type=\"wp-page\" data-elementor-id=\"2900\" class=\"elementor elementor-2900\">\n\t\t\t\t<div class=\"elementor-element elementor-element-eaa5c44 e-flex e-con-boxed e-con e-parent\" data-id=\"eaa5c44\" data-element_type=\"container\">\n\t\t\t\t\t<div class=\"e-con-inner\">\n\t\t\t\t<div class=\"elementor-element elementor-element-f625954 elementor-absolute float-bob-x elementor-hidden-tablet elementor-hidden-mobile elementor-widget elementor-widget-image\" data-id=\"f625954\" data-element_type=\"widget\" data-settings=\"{&quot;_position&quot;:&quot;absolute&quot;}\" data-widget_type=\"image.default\">\n\t\t\t\t<div class=\"elementor-widget-container\">\n\t\t\t\t\t\t\t\t\t\t\t\t\t\t\t<img fetchpriority=\"high\" decoding=\"async\" width=\"556\" height=\"469\" src=\"https:\/\/nriaquarela.com.br\/escola\/wp-content\/uploads\/2024\/05\/border-shape-1.png\" class=\"attachment-large size-large wp-image-82\" alt=\"\" srcset=\"https:\/\/nriaquarela.com.br\/escola\/wp-content\/uploads\/2024\/05\/border-shape-1.png 556w, https:\/\/nriaquarela.com.br\/escola\/wp-content\/uploads\/2024\/05\/border-shape-1-300x253.png 300w\" sizes=\"(max-width: 556px) 100vw, 556px\" \/>\t\t\t\t\t\t\t\t\t\t\t\t\t\t\t<\/div>\n\t\t\t\t<\/div>\n\t\t<div class=\"elementor-element elementor-element-b9e3a9e e-con-full e-flex e-con e-child\" data-id=\"b9e3a9e\" data-element_type=\"container\">\n\t\t\t\t<div class=\"elementor-element elementor-element-e54c175 elementor-absolute rounded-anim elementor-hidden-mobile elementor-widget elementor-widget-image\" data-id=\"e54c175\" data-element_type=\"widget\" data-settings=\"{&quot;_position&quot;:&quot;absolute&quot;}\" data-widget_type=\"image.default\">\n\t\t\t\t<div class=\"elementor-widget-container\">\n\t\t\t\t\t\t\t\t\t\t\t\t\t\t\t<img decoding=\"async\" width=\"138\" height=\"138\" src=\"https:\/\/nriaquarela.com.br\/escola\/wp-content\/uploads\/2024\/05\/circle-1.png\" class=\"attachment-large size-large wp-image-84\" alt=\"\" \/>\t\t\t\t\t\t\t\t\t\t\t\t\t\t\t<\/div>\n\t\t\t\t<\/div>\n\t\t\t\t<div class=\"elementor-element elementor-element-89f697a elementor-widget elementor-widget-kidsa-theme-image-box-widget\" data-id=\"89f697a\" data-element_type=\"widget\" data-widget_type=\"kidsa-theme-image-box-widget.default\">\n\t\t\t\t<div class=\"elementor-widget-container\">\n\t\t\t\t\t\r\n\r\n\t <script>\r\n jQuery(document).ready(function($) {\r\n\r\n\/\/ js code start\r\n\r\n\r\n\r\n\r\n\/\/ js code end \r\n\r\n  });\r\n<\/script>\t\r\n\r\n\t\t\r\n\r\n\t<div class=\"about-wrapper\">\r\n\t\t<div class=\"about-image-items\">\r\n\t\t\t<div class=\"about-image wow fadeInUp\" data-wow-delay=\".3s\">\r\n\t\t\t   \r\n\t\t\t\t<img decoding=\"async\" src=\"https:\/\/nriaquarela.com.br\/escola\/wp-content\/uploads\/2025\/05\/cardapio-aquarela.jpg\" alt=\"\"\/>\r\n\t\t\t\t\t\t<\/div>\r\n\t\t\t<div class=\"about-image-2\">\r\n\t\t\t\t\t\t<\/div>\r\n\t\t\t<div class=\"border-shape-1\">\r\n\t\t\t\t\t\t<\/div>\r\n\t\t<\/div>  \r\n    <\/div>\r\n\r\n\t\r\n             \r\n\t\t\t\t\t\t<\/div>\n\t\t\t\t<\/div>\n\t\t\t\t<\/div>\n\t\t<div class=\"elementor-element elementor-element-e21fcf1 e-con-full e-flex e-con e-child\" data-id=\"e21fcf1\" data-element_type=\"container\">\n\t\t\t\t<div class=\"elementor-element elementor-element-2b2cf48 elementor-widget elementor-widget-heading\" data-id=\"2b2cf48\" data-element_type=\"widget\" data-widget_type=\"heading.default\">\n\t\t\t\t<div class=\"elementor-widget-container\">\n\t\t\t\t\t<h2 class=\"elementor-heading-title elementor-size-default\">Card\u00e1pio do m\u00eas<\/h2>\t\t\t\t<\/div>\n\t\t\t\t<\/div>\n\t\t\t\t<div class=\"elementor-element elementor-element-c192621 elementor-widget elementor-widget-text-editor\" data-id=\"c192621\" data-element_type=\"widget\" data-widget_type=\"text-editor.default\">\n\t\t\t\t<div class=\"elementor-widget-container\">\n\t\t\t\t\t\t\t\t\t<p style=\"text-align: justify;\"><strong data-start=\"73\" data-end=\"129\">Alimentar o corpo com sa\u00fade e o cora\u00e7\u00e3o com cuidado!<\/strong><br data-start=\"129\" data-end=\"132\" \/>Na Aquarela, cada refei\u00e7\u00e3o \u00e9 preparada com carinho, pensando no bem-estar e no desenvolvimento dos nossos pequenos. Um card\u00e1pio equilibrado, saboroso e cheio de afeto, porque acreditamos que comer bem tamb\u00e9m \u00e9 uma forma de aprender e crescer com alegria!<\/p>\t\t\t\t\t\t\t\t<\/div>\n\t\t\t\t<\/div>\n\t\t\t\t<div class=\"elementor-element elementor-element-8b0fab4 elementor-widget-divider--view-line elementor-widget elementor-widget-divider\" data-id=\"8b0fab4\" data-element_type=\"widget\" data-widget_type=\"divider.default\">\n\t\t\t\t<div class=\"elementor-widget-container\">\n\t\t\t\t\t\t\t<div class=\"elementor-divider\">\n\t\t\t<span class=\"elementor-divider-separator\">\n\t\t\t\t\t\t<\/span>\n\t\t<\/div>\n\t\t\t\t\t\t<\/div>\n\t\t\t\t<\/div>\n\t\t\t\t<div class=\"elementor-element elementor-element-c39fb44 elementor-widget elementor-widget-n-accordion\" data-id=\"c39fb44\" data-element_type=\"widget\" data-settings=\"{&quot;default_state&quot;:&quot;expanded&quot;,&quot;max_items_expended&quot;:&quot;one&quot;,&quot;n_accordion_animation_duration&quot;:{&quot;unit&quot;:&quot;ms&quot;,&quot;size&quot;:400,&quot;sizes&quot;:[]}}\" data-widget_type=\"nested-accordion.default\">\n\t\t\t\t<div class=\"elementor-widget-container\">\n\t\t\t\t\t\t\t<div class=\"e-n-accordion\" aria-label=\"Accordion. Open links with Enter or Space, close with Escape, and navigate with Arrow Keys\">\n\t\t\t\t\t\t<details id=\"e-n-accordion-item-2050\" class=\"e-n-accordion-item\" open>\n\t\t\t\t<summary class=\"e-n-accordion-item-title\" data-accordion-index=\"1\" tabindex=\"0\" aria-expanded=\"true\" aria-controls=\"e-n-accordion-item-2050\" >\n\t\t\t\t\t<span class='e-n-accordion-item-title-header'><div class=\"e-n-accordion-item-title-text\"> Card\u00e1pio de ABRIL\/26 <\/div><\/span>\n\t\t\t\t\t\t\t<span class='e-n-accordion-item-title-icon'>\n\t\t\t<span class='e-opened' ><svg aria-hidden=\"true\" class=\"e-font-icon-svg e-fas-minus\" viewBox=\"0 0 448 512\" xmlns=\"http:\/\/www.w3.org\/2000\/svg\"><path d=\"M416 208H32c-17.67 0-32 14.33-32 32v32c0 17.67 14.33 32 32 32h384c17.67 0 32-14.33 32-32v-32c0-17.67-14.33-32-32-32z\"><\/path><\/svg><\/span>\n\t\t\t<span class='e-closed'><svg aria-hidden=\"true\" class=\"e-font-icon-svg e-fas-plus\" viewBox=\"0 0 448 512\" xmlns=\"http:\/\/www.w3.org\/2000\/svg\"><path d=\"M416 208H272V64c0-17.67-14.33-32-32-32h-32c-17.67 0-32 14.33-32 32v144H32c-17.67 0-32 14.33-32 32v32c0 17.67 14.33 32 32 32h144v144c0 17.67 14.33 32 32 32h32c17.67 0 32-14.33 32-32V304h144c17.67 0 32-14.33 32-32v-32c0-17.67-14.33-32-32-32z\"><\/path><\/svg><\/span>\n\t\t<\/span>\n\n\t\t\t\t\t\t<\/summary>\n\t\t\t\t<div role=\"region\" aria-labelledby=\"e-n-accordion-item-2050\" class=\"elementor-element elementor-element-1bf97d1 e-con-full e-flex e-con e-child\" data-id=\"1bf97d1\" data-element_type=\"container\">\n\t\t<div role=\"region\" aria-labelledby=\"e-n-accordion-item-2050\" class=\"elementor-element elementor-element-96db153 e-flex e-con-boxed e-con e-child\" data-id=\"96db153\" data-element_type=\"container\">\n\t\t\t\t\t<div class=\"e-con-inner\">\n\t\t\t\t<div class=\"elementor-element elementor-element-e2ce8cd elementor-widget elementor-widget-text-editor\" data-id=\"e2ce8cd\" data-element_type=\"widget\" data-widget_type=\"text-editor.default\">\n\t\t\t\t<div class=\"elementor-widget-container\">\n\t\t\t\t\t\t\t\t\t<p><a href=\"https:\/\/nriaquarela.com.br\/escola\/wp-content\/uploads\/2026\/04\/cardapio-2026-bercario-Abr.pdf\">Clique para baixar o card\u00e1pio BER\u00c7\u00c1RIO<\/a><\/p><p><a href=\"https:\/\/nriaquarela.com.br\/escola\/wp-content\/uploads\/2026\/04\/cardapio-2026-infantil-Abr.pdf\">Clique para baixar card\u00e1pio INFANTIL<\/a><\/p>\t\t\t\t\t\t\t\t<\/div>\n\t\t\t\t<\/div>\n\t\t\t\t\t<\/div>\n\t\t\t\t<\/div>\n\t\t\t\t<\/div>\n\t\t\t\t\t<\/details>\n\t\t\t\t\t\t<details id=\"e-n-accordion-item-2051\" class=\"e-n-accordion-item\" >\n\t\t\t\t<summary class=\"e-n-accordion-item-title\" data-accordion-index=\"2\" tabindex=\"-1\" aria-expanded=\"false\" aria-controls=\"e-n-accordion-item-2051\" >\n\t\t\t\t\t<span class='e-n-accordion-item-title-header'><div class=\"e-n-accordion-item-title-text\"> Card\u00e1pio de MAR\u00c7O\/26 <\/div><\/span>\n\t\t\t\t\t\t\t<span class='e-n-accordion-item-title-icon'>\n\t\t\t<span class='e-opened' ><svg aria-hidden=\"true\" class=\"e-font-icon-svg e-fas-minus\" viewBox=\"0 0 448 512\" xmlns=\"http:\/\/www.w3.org\/2000\/svg\"><path d=\"M416 208H32c-17.67 0-32 14.33-32 32v32c0 17.67 14.33 32 32 32h384c17.67 0 32-14.33 32-32v-32c0-17.67-14.33-32-32-32z\"><\/path><\/svg><\/span>\n\t\t\t<span class='e-closed'><svg aria-hidden=\"true\" class=\"e-font-icon-svg e-fas-plus\" viewBox=\"0 0 448 512\" xmlns=\"http:\/\/www.w3.org\/2000\/svg\"><path d=\"M416 208H272V64c0-17.67-14.33-32-32-32h-32c-17.67 0-32 14.33-32 32v144H32c-17.67 0-32 14.33-32 32v32c0 17.67 14.33 32 32 32h144v144c0 17.67 14.33 32 32 32h32c17.67 0 32-14.33 32-32V304h144c17.67 0 32-14.33 32-32v-32c0-17.67-14.33-32-32-32z\"><\/path><\/svg><\/span>\n\t\t<\/span>\n\n\t\t\t\t\t\t<\/summary>\n\t\t\t\t<div role=\"region\" aria-labelledby=\"e-n-accordion-item-2051\" class=\"elementor-element elementor-element-dd1896a e-con-full e-flex e-con e-child\" data-id=\"dd1896a\" data-element_type=\"container\">\n\t\t<div role=\"region\" aria-labelledby=\"e-n-accordion-item-2051\" class=\"elementor-element elementor-element-bbba879 e-flex e-con-boxed e-con e-child\" data-id=\"bbba879\" data-element_type=\"container\">\n\t\t\t\t\t<div class=\"e-con-inner\">\n\t\t\t\t<div class=\"elementor-element elementor-element-5f1e5ce elementor-widget elementor-widget-text-editor\" data-id=\"5f1e5ce\" data-element_type=\"widget\" data-widget_type=\"text-editor.default\">\n\t\t\t\t<div class=\"elementor-widget-container\">\n\t\t\t\t\t\t\t\t\t<p><a href=\"https:\/\/nriaquarela.com.br\/escola\/wp-content\/uploads\/2026\/02\/cardapio-2026-bercario-Mar.pdf\">Clique para baixar o card\u00e1pio BER\u00c7\u00c1RIO<\/a><\/p><p><a href=\"https:\/\/nriaquarela.com.br\/escola\/wp-content\/uploads\/2026\/02\/cardapio-2026-infantil-Mar.pdf\">Clique para baixar card\u00e1pio INFANTIL<\/a><\/p>\t\t\t\t\t\t\t\t<\/div>\n\t\t\t\t<\/div>\n\t\t\t\t\t<\/div>\n\t\t\t\t<\/div>\n\t\t\t\t<\/div>\n\t\t\t\t\t<\/details>\n\t\t\t\t\t<\/div>\n\t\t\t\t\t\t<\/div>\n\t\t\t\t<\/div>\n\t\t\t\t<\/div>\n\t\t\t\t\t<\/div>\n\t\t\t\t<\/div>\n\t\t\t\t<\/div>\n\t\t","protected":false},"excerpt":{"rendered":"<p>Card\u00e1pio do m\u00eas Alimentar o corpo com sa\u00fade e o cora\u00e7\u00e3o com cuidado!Na Aquarela, cada refei\u00e7\u00e3o \u00e9 preparada com carinho, pensando no bem-estar e no desenvolvimento dos nossos pequenos. Um card\u00e1pio equilibrado, saboroso e cheio de afeto, porque acreditamos que comer bem tamb\u00e9m \u00e9 uma forma de aprender e crescer com alegria! Card\u00e1pio de ABRIL\/26<\/p>\n","protected":false},"author":1,"featured_media":0,"parent":0,"menu_order":0,"comment_status":"closed","ping_status":"closed","template":"elementor_header_footer","meta":{"inline_featured_image":false,"_monsterinsights_skip_tracking":false,"_monsterinsights_sitenote_active":false,"_monsterinsights_sitenote_note":"","_monsterinsights_sitenote_category":0,"_joinchat":[],"footnotes":""},"class_list":["post-2900","page","type-page","status-publish","hentry"],"aioseo_notices":[],"_links":{"self":[{"href":"https:\/\/nriaquarela.com.br\/escola\/index.php\/wp-json\/wp\/v2\/pages\/2900","targetHints":{"allow":["GET"]}}],"collection":[{"href":"https:\/\/nriaquarela.com.br\/escola\/index.php\/wp-json\/wp\/v2\/pages"}],"about":[{"href":"https:\/\/nriaquarela.com.br\/escola\/index.php\/wp-json\/wp\/v2\/types\/page"}],"author":[{"embeddable":true,"href":"https:\/\/nriaquarela.com.br\/escola\/index.php\/wp-json\/wp\/v2\/users\/1"}],"replies":[{"embeddable":true,"href":"https:\/\/nriaquarela.com.br\/escola\/index.php\/wp-json\/wp\/v2\/comments?post=2900"}],"version-history":[{"count":62,"href":"https:\/\/nriaquarela.com.br\/escola\/index.php\/wp-json\/wp\/v2\/pages\/2900\/revisions"}],"predecessor-version":[{"id":3231,"href":"https:\/\/nriaquarela.com.br\/escola\/index.php\/wp-json\/wp\/v2\/pages\/2900\/revisions\/3231"}],"wp:attachment":[{"href":"https:\/\/nriaquarela.com.br\/escola\/index.php\/wp-json\/wp\/v2\/media?parent=2900"}],"curies":[{"name":"wp","href":"https:\/\/api.w.org\/{rel}","templated":true}]}}